{"id":12,"date":"2020-07-07T06:53:58","date_gmt":"2020-07-07T04:53:58","guid":{"rendered":"http:\/\/burmester.wortundbild-berlin.de\/?page_id=12"},"modified":"2024-11-01T20:14:04","modified_gmt":"2024-11-01T19:14:04","slug":"startseite","status":"publish","type":"page","link":"https:\/\/sabine-burmester.de\/","title":{"rendered":"Willkommen"},"content":{"rendered":"\t\t<div data-elementor-type=\"wp-page\" data-elementor-id=\"12\" class=\"elementor elementor-12\">\n\t\t\t\t\t\t<section class=\"elementor-section elementor-top-section elementor-element elementor-element-e9160d6 elementor-section-boxed elementor-section-height-default elementor-section-height-default\" data-id=\"e9160d6\" data-element_type=\"section\" data-e-type=\"section\">\n\t\t\t\t\t\t<div class=\"elementor-container elementor-column-gap-default\">\n\t\t\t\t\t<div class=\"elementor-column elementor-col-100 elementor-top-column elementor-element elementor-element-ba6ae07\" data-id=\"ba6ae07\" data-element_type=\"column\" data-e-type=\"column\">\n\t\t\t<div class=\"elementor-widget-wrap elementor-element-populated\">\n\t\t\t\t\t\t<div class=\"elementor-element elementor-element-9c0fbca elementor-widget elementor-widget-heading\" data-id=\"9c0fbca\" data-element_type=\"widget\" data-e-type=\"widget\" data-widget_type=\"heading.default\">\n\t\t\t\t<div class=\"elementor-widget-container\">\n\t\t\t\t\t<h2 class=\"elementor-heading-title elementor-size-default\">\u00dcber meine Arbeit<\/h2>\t\t\t\t<\/div>\n\t\t\t\t<\/div>\n\t\t\t\t\t<\/div>\n\t\t<\/div>\n\t\t\t\t\t<\/div>\n\t\t<\/section>\n\t\t\t\t<section class=\"elementor-section elementor-top-section elementor-element elementor-element-063f540 elementor-section-boxed elementor-section-height-default elementor-section-height-default\" data-id=\"063f540\" data-element_type=\"section\" data-e-type=\"section\">\n\t\t\t\t\t\t<div class=\"elementor-container elementor-column-gap-default\">\n\t\t\t\t\t<div class=\"elementor-column elementor-col-100 elementor-top-column elementor-element elementor-element-e046352\" data-id=\"e046352\" data-element_type=\"column\" data-e-type=\"column\">\n\t\t\t<div class=\"elementor-widget-wrap elementor-element-populated\">\n\t\t\t\t\t\t<div class=\"elementor-element elementor-element-d592952 elementor-widget elementor-widget-text-editor\" data-id=\"d592952\" data-element_type=\"widget\" data-e-type=\"widget\" data-widget_type=\"text-editor.default\">\n\t\t\t\t<div class=\"elementor-widget-container\">\n\t\t\t\t\t\t\t\t\t<p>In meinen Bilderwelten spielen Materialien aus der Natur und dem Alltag eine sehr wichtige Rolle. Altes, Bew\u00e4hrtes, Gebrauchtes, Verbrauchtes, Verworfenes kommuniziert auf der Leinwand miteinander, ist voneinander abh\u00e4ngig, geht aufeinander zu, unterst\u00fctzt und erg\u00e4nzt sich.<\/p><p>Die Oberfl\u00e4chenstrukturen der Materialien, deren Farben und Charaktere setze ich dabei bewusst f\u00fcr die Kompositionen ein. <br \/>In Verbindung mit einem breiten, erg\u00e4nzenden Farbspektrum (Acryl) zeigen diese die Thematik des Menschseins, der Verg\u00e4nglichkeit, des Fortbestehens und Entdeckens neuer (Lebens-) R\u00e4ume auf. Die Materialien werden dabei in einen neuen Kontext gesetzt.<\/p><p>So entstehen nicht nur Bilder, Collagen oder Objekte, sondern auch Installationen mit zeit- und umweltpolitischen, wirtschafts- und gesellschaftskritischen Aussagen.<\/p>\t\t\t\t\t\t\t\t<\/div>\n\t\t\t\t<\/div>\n\t\t\t\t\t<\/div>\n\t\t<\/div>\n\t\t\t\t\t<\/div>\n\t\t<\/section>\n\t\t\t\t<section class=\"elementor-section elementor-top-section elementor-element elementor-element-21bfb5b elementor-section-boxed elementor-section-height-default elementor-section-height-default\" data-id=\"21bfb5b\" data-element_type=\"section\" data-e-type=\"section\">\n\t\t\t\t\t\t<div class=\"elementor-container elementor-column-gap-default\">\n\t\t\t\t\t<div class=\"elementor-column elementor-col-50 elementor-top-column elementor-element elementor-element-06469da\" data-id=\"06469da\" data-element_type=\"column\" data-e-type=\"column\">\n\t\t\t<div class=\"elementor-widget-wrap elementor-element-populated\">\n\t\t\t\t\t\t<div class=\"elementor-element elementor-element-f971fdb elementor-position-top elementor-widget elementor-widget-image-box\" data-id=\"f971fdb\" data-element_type=\"widget\" data-e-type=\"widget\" data-widget_type=\"image-box.default\">\n\t\t\t\t<div class=\"elementor-widget-container\">\n\t\t\t\t\t<div class=\"elementor-image-box-wrapper\"><figure class=\"elementor-image-box-img\"><a href=\"\/index.php\/mixed-media\/\" tabindex=\"-1\"><img fetchpriority=\"high\" decoding=\"async\" width=\"1200\" height=\"900\" src=\"https:\/\/sabine-burmester.de\/wp-content\/uploads\/2020\/07\/Start_Ohne-Titel-17-10.jpg\" class=\"attachment-full size-full wp-image-202\" alt=\"\" srcset=\"https:\/\/sabine-burmester.de\/wp-content\/uploads\/2020\/07\/Start_Ohne-Titel-17-10.jpg 1200w, https:\/\/sabine-burmester.de\/wp-content\/uploads\/2020\/07\/Start_Ohne-Titel-17-10-300x225.jpg 300w, https:\/\/sabine-burmester.de\/wp-content\/uploads\/2020\/07\/Start_Ohne-Titel-17-10-1024x768.jpg 1024w, https:\/\/sabine-burmester.de\/wp-content\/uploads\/2020\/07\/Start_Ohne-Titel-17-10-768x576.jpg 768w\" sizes=\"(max-width: 1200px) 100vw, 1200px\" \/><\/a><\/figure><div class=\"elementor-image-box-content\"><h3 class=\"elementor-image-box-title\"><a href=\"\/index.php\/mixed-media\/\">Mixed Media<\/a><\/h3><\/div><\/div>\t\t\t\t<\/div>\n\t\t\t\t<\/div>\n\t\t\t\t\t<\/div>\n\t\t<\/div>\n\t\t\t\t<div class=\"elementor-column elementor-col-50 elementor-top-column elementor-element elementor-element-12e4ad7\" data-id=\"12e4ad7\" data-element_type=\"column\" data-e-type=\"column\">\n\t\t\t<div class=\"elementor-widget-wrap elementor-element-populated\">\n\t\t\t\t\t\t<div class=\"elementor-element elementor-element-41ec7d3 elementor-position-top elementor-widget elementor-widget-image-box\" data-id=\"41ec7d3\" data-element_type=\"widget\" data-e-type=\"widget\" data-widget_type=\"image-box.default\">\n\t\t\t\t<div class=\"elementor-widget-container\">\n\t\t\t\t\t<div class=\"elementor-image-box-wrapper\"><figure class=\"elementor-image-box-img\"><a href=\"\/index.php\/installationen\/\" tabindex=\"-1\"><img decoding=\"async\" width=\"1200\" height=\"900\" src=\"https:\/\/sabine-burmester.de\/wp-content\/uploads\/2020\/07\/caught_in_01.jpg\" class=\"attachment-full size-full wp-image-154\" alt=\"\" srcset=\"https:\/\/sabine-burmester.de\/wp-content\/uploads\/2020\/07\/caught_in_01.jpg 1200w, https:\/\/sabine-burmester.de\/wp-content\/uploads\/2020\/07\/caught_in_01-300x225.jpg 300w, https:\/\/sabine-burmester.de\/wp-content\/uploads\/2020\/07\/caught_in_01-1024x768.jpg 1024w, https:\/\/sabine-burmester.de\/wp-content\/uploads\/2020\/07\/caught_in_01-768x576.jpg 768w\" sizes=\"(max-width: 1200px) 100vw, 1200px\" \/><\/a><\/figure><div class=\"elementor-image-box-content\"><h3 class=\"elementor-image-box-title\"><a href=\"\/index.php\/installationen\/\">Installationen<\/a><\/h3><\/div><\/div>\t\t\t\t<\/div>\n\t\t\t\t<\/div>\n\t\t\t\t\t<\/div>\n\t\t<\/div>\n\t\t\t\t\t<\/div>\n\t\t<\/section>\n\t\t\t\t<\/div>\n\t\t","protected":false},"excerpt":{"rendered":"<p>\u00dcber meine Arbeit In meinen Bilderwelten spielen Materialien aus der Natur und dem Alltag eine sehr wichtige Rolle. Altes, Bew\u00e4hrtes, Gebrauchtes, Verbrauchtes, Verworfenes kommuniziert auf der Leinwand miteinander, ist voneinander abh\u00e4ngig, geht aufeinander zu, unterst\u00fctzt und erg\u00e4nzt sich. Die Oberfl\u00e4chenstrukturen der Materialien, deren Farben und Charaktere setze ich dabei bewusst<a class=\"moretag\" href=\"https:\/\/sabine-burmester.de\/\"> Weiterlesen<\/a><\/p>\n","protected":false},"author":1,"featured_media":0,"parent":0,"menu_order":0,"comment_status":"closed","ping_status":"closed","template":"","meta":{"footnotes":""},"class_list":["post-12","page","type-page","status-publish","hentry"],"_links":{"self":[{"href":"https:\/\/sabine-burmester.de\/index.php\/wp-json\/wp\/v2\/pages\/12","targetHints":{"allow":["GET"]}}],"collection":[{"href":"https:\/\/sabine-burmester.de\/index.php\/wp-json\/wp\/v2\/pages"}],"about":[{"href":"https:\/\/sabine-burmester.de\/index.php\/wp-json\/wp\/v2\/types\/page"}],"author":[{"embeddable":true,"href":"https:\/\/sabine-burmester.de\/index.php\/wp-json\/wp\/v2\/users\/1"}],"replies":[{"embeddable":true,"href":"https:\/\/sabine-burmester.de\/index.php\/wp-json\/wp\/v2\/comments?post=12"}],"version-history":[{"count":31,"href":"https:\/\/sabine-burmester.de\/index.php\/wp-json\/wp\/v2\/pages\/12\/revisions"}],"predecessor-version":[{"id":412,"href":"https:\/\/sabine-burmester.de\/index.php\/wp-json\/wp\/v2\/pages\/12\/revisions\/412"}],"wp:attachment":[{"href":"https:\/\/sabine-burmester.de\/index.php\/wp-json\/wp\/v2\/media?parent=12"}],"curies":[{"name":"wp","href":"https:\/\/api.w.org\/{rel}","templated":true}]}}